{"id":145,"date":"2026-01-20T13:27:10","date_gmt":"2026-01-20T10:27:10","guid":{"rendered":"https:\/\/ertualakademi.com\/?page_id=145"},"modified":"2026-01-20T13:40:18","modified_gmt":"2026-01-20T10:40:18","slug":"iletisim","status":"publish","type":"page","link":"https:\/\/ertualakademi.com\/index.php\/iletisim\/","title":{"rendered":"\u0130leti\u015fim"},"content":{"rendered":"\n<p><strong>Bulundu\u011fu yer:<\/strong>&nbsp;<a href=\"https:\/\/www.google.com\/viewer\/place?client=opera-gx&amp;hs=u3Z&amp;sca_esv=95f66cc136df0cea&amp;output=search&amp;mid=\/m\/03wg27h&amp;sa=X&amp;ved=2ahUKEwiG1ui1sveRAxWlavEDHSabFEsQ8G0oAHoECEUQAQ\">Atat\u00fcrk \u00dcniversitesi<\/a><br><strong><a href=\"https:\/\/www.google.com\/search?client=opera-gx&amp;hs=u3Z&amp;sca_esv=95f66cc136df0cea&amp;sxsrf=AE3TifPTjpJPCVRn0hlr2SXMU5pOAqOlQQ:1767718994461&amp;q=e%C4%9Fitim+fotokopi+adres&amp;ludocid=16454228409013163035&amp;sa=X&amp;ved=2ahUKEwiG1ui1sveRAxWlavEDHSabFEsQ6BN6BAhBEAI\">Adres<\/a>:&nbsp;<\/strong><a href=\"https:\/\/www.google.com\/maps\/place\/\/data=!4m2!3m1!1s0x406e5ee732e7bd49:0xe459298f4c5ed41b?sa=X&amp;ved=1t:8290&amp;ictx=111\">Atat\u00fcrk \u00dcniversitesi Kaz\u0131m Karabekir E\u011fitim Fak\u00fcltesi Merkez Yerle\u015fkesi, 25240 Yakutiye\/Erzurum<\/a><br><strong><a href=\"https:\/\/www.google.com\/search?client=opera-gx&amp;hs=u3Z&amp;sca_esv=95f66cc136df0cea&amp;sxsrf=AE3TifPTjpJPCVRn0hlr2SXMU5pOAqOlQQ:1767718994461&amp;q=e%C4%9Fitim+fotokopi+telefon&amp;ludocid=16454228409013163035&amp;sa=X&amp;ved=2ahUKEwiG1ui1sveRAxWlavEDHSabFEsQ6BN6BAhHEAI\">Telefon<\/a>:&nbsp;<\/strong><a href=\"https:\/\/www.google.com\/search?client=opera-gx&amp;q=atat%C3%BCrk+%C3%BCniversitesi+e%C4%9Fitim+otokopis&amp;sourceid=opera&amp;ie=UTF-8&amp;oe=UTF-8#\">(0442) 231 42 89<\/a><\/p>\n\n\n\n<ul class=\"wp-block-list\">\n<li><a href=\"tel:425-334-5956\">+90 532 671 20 35<\/a><\/li>\n\n\n\n<li><a href=\"mailto:youremail@address.com\">info@ertualakademi.com<\/a><\/li>\n\n\n\n<li><a href=\"https:\/\/www.google.com\/maps\/place\/E%C4%9Fitim+Fotokopi\/@39.8997721,41.2415256,17z\/data=!3m1!4b1!4m6!3m5!1s0x406e5ee732e7bd49:0xe459298f4c5ed41b!8m2!3d39.8997721!4d41.2441005!16s%2Fg%2F11crz4qvz9?entry=ttu&amp;g_ep=EgoyMDI1MTIwOS4wIKXMDSoASAFQAw%3D%3D\">Ertual Akademi Atat\u00fcrk \u00dcniversitesi<\/a><\/li>\n<\/ul>\n\n\n","protected":false},"excerpt":{"rendered":"<p>Bulundu\u011fu yer:&nbsp;Atat\u00fcrk \u00dcniversitesiAdres:&nbsp;Atat\u00fcrk \u00dcniversitesi Kaz\u0131m Karabekir E\u011fitim Fak\u00fcltesi Merkez Yerle\u015fkesi, 25240 Yakutiye\/ErzurumTelefon:&nbsp;(0442) 231 42 89<\/p>\n","protected":false},"author":1,"featured_media":0,"parent":0,"menu_order":0,"comment_status":"closed","ping_status":"closed","template":"","meta":{"saved_in_kubio":true,"footnotes":""},"class_list":["post-145","page","type-page","status-publish","hentry"],"kubio_ai_page_context":{"short_desc":"","purpose":"general"},"_links":{"self":[{"href":"https:\/\/ertualakademi.com\/index.php\/wp-json\/wp\/v2\/pages\/145","targetHints":{"allow":["GET"]}}],"collection":[{"href":"https:\/\/ertualakademi.com\/index.php\/wp-json\/wp\/v2\/pages"}],"about":[{"href":"https:\/\/ertualakademi.com\/index.php\/wp-json\/wp\/v2\/types\/page"}],"author":[{"embeddable":true,"href":"https:\/\/ertualakademi.com\/index.php\/wp-json\/wp\/v2\/users\/1"}],"replies":[{"embeddable":true,"href":"https:\/\/ertualakademi.com\/index.php\/wp-json\/wp\/v2\/comments?post=145"}],"version-history":[{"count":5,"href":"https:\/\/ertualakademi.com\/index.php\/wp-json\/wp\/v2\/pages\/145\/revisions"}],"predecessor-version":[{"id":156,"href":"https:\/\/ertualakademi.com\/index.php\/wp-json\/wp\/v2\/pages\/145\/revisions\/156"}],"wp:attachment":[{"href":"https:\/\/ertualakademi.com\/index.php\/wp-json\/wp\/v2\/media?parent=145"}],"curies":[{"name":"wp","href":"https:\/\/api.w.org\/{rel}","templated":true}]}}